{"id":2244,"date":"2025-09-04T19:49:57","date_gmt":"2025-09-04T17:49:57","guid":{"rendered":"https:\/\/myhellios.com\/?page_id=2244"},"modified":"2025-09-04T19:49:59","modified_gmt":"2025-09-04T17:49:59","slug":"privatumo-politika","status":"publish","type":"page","link":"https:\/\/myhellios.com\/ru\/privatumo-politika\/","title":{"rendered":"Privatumo politika"},"content":{"rendered":"<p><strong>HELLIOS CONNECT<\/strong><\/p>\n\n\n\n<p>Toliau pateikiama \u201eHellios Connect\u201c (toliau \u2013 <strong>Tiek\u0117jas<\/strong>) Privatumo politika, kuri galioja nuo 2025 m. rugs\u0117jo 1 d. ir buvo paskutin\u012f kart\u0105 atnaujinta 2025 rugs\u0117jo 01.<\/p>\n\n\n\n<p>Privatumo politikos tikslas &#8211; informuoti kaip yra renkami ir tvarkomi duomen\u0173 subjekt\u0173 asmens duomenys, paai\u0161kinti, kiek laiko saugomi, kam teikiami, kokias teises turi duomen\u0173 subjektai bei kur kreiptis d\u0117l j\u0173 \u012fgyvendinimo ar kitais su asmens duomen\u0173 tvarkymu susijusiais klausimais.<\/p>\n\n\n\n<p>Asmens duomenys tvarkomi vadovaujantis Europos S\u0105jungos Bendruoju duomen\u0173 apsaugos reglamentu (ES) 2016\/679 (toliau &#8211; BDAR), Lietuvos Respublikos asmens duomen\u0173 teisin\u0117s apsaugos \u012fstatymu bei kitais teis\u0117s aktais, reglamentuojan\u010diais asmens duomen\u0173 apsaug\u0105.<\/p>\n\n\n\n<p>Nor\u0117dami visapusi\u0161kai suprasti Privatumo politik\u0105, atid\u017eiai perskaitykite vis\u0105 jos turin\u012f bei su ja susijusius dokumentus ir j\u0173 priedus (jei toki\u0173 yra).<\/p>\n\n\n\n<p><strong>1. S\u0104VOKOS<\/strong><\/p>\n\n\n\n<p>1.1. <strong>DUOMEN\u0172 VALDYTOJAS<\/strong> \u2013 Tiek\u0117jas;<\/p>\n\n\n\n<p>1.2. <strong>DUOMEN\u0172 SUBJEKTAS<\/strong> &#8211; fizinis asmuo, kurio duomenis tvarko Tiek\u0117jas;<\/p>\n\n\n\n<p>1.3. <strong>ASMENS DUOMENYS <\/strong>&#8211; bet kuri informacija, tiesiogiai arba netiesiogiai susijusi su duomen\u0173<\/p>\n\n\n\n<p>subjektu, kurio tapatyb\u0117 yra \u017einoma arba gali b\u016bti tiesiogiai ar netiesiogiai nustatyta pasinaudojant<\/p>\n\n\n\n<p>atitinkamais duomenimis;<\/p>\n\n\n\n<p>1.4. <strong>ASMENS DUOMEN\u0172 TVARKYMAS<\/strong> &#8211; bet kokia su asmens duomenimis atliekama operacija<\/p>\n\n\n\n<p>(iskaitant rinkim\u0105, \u012fra\u0161ym\u0105, saugojim\u0105, redagavim\u0105, keitim\u0105, prieigos suteikim\u0105, u\u017eklaus\u0173 pateikim\u0105,<\/p>\n\n\n\n<p>perdavim\u0105, archyvavim\u0105 ir kt.);<\/p>\n\n\n\n<p>1.5. <strong>SUTIKIMAS<\/strong> &#8211; bet koks laisva valia ir s\u0105moningai duotas patvirtinimas, kuriuo duomen\u0173 subjektas sutinka, kad jo asmens duomenys b\u016bt\u0173 tvarkomi konkre\u010diu tikslu.<\/p>\n\n\n\n<p><strong>Tiek\u0117jas vadovaujasi \u0161iais pagrindiniais duomen\u0173 tvarkymo principais:<\/strong><\/p>\n\n\n\n<ul class=\"wp-block-list\">\n<li>asmens duomenys renkami tik ai\u0161kiai apibr\u0117\u017etais ir teis\u0117tais tikslais;<\/li>\n\n\n\n<li>asmens duomenys tvarkomi tik teis\u0117tai ir s\u0105\u017einingai; asmens duomenys nuolat atnaujinami;\u00a0<\/li>\n\n\n\n<li>asmens duomenys saugomi saugiai ir ne ilgiau nei to reikalauja nustatyti duomen\u0173 tvarkymo tikslai ar teis\u0117s aktai;<\/li>\n\n\n\n<li>asmens duomenis tvarko tik tie Tiek\u0117jo darbuotojai, kuriems suteikta tokia teis\u0117 pagal j\u0173 darbines funkcijas arba tinkamai \u012fgalioti duomen\u0173 tvarkytojai.<\/li>\n<\/ul>\n\n\n\n<p><strong>2. ASMENS DUOMEN\u0172 \u0160ALTINIAI<\/strong><\/p>\n\n\n\n<p>2.1. Asmens duomenis duomen\u0173 subjektas pateikia pats. Duomen\u0173 subjektas kreipiasi \u012f Teik\u0117j\u0105, u\u017esako SIM korteles ar interneto ry\u0161io paslaugas, registruojasi elektronin\u0117je parduotuv\u0117je, sukuria paskyr\u0105, u\u017epildo pirkimo ar u\u017eklausos formas, prenumeruoja naujienlai\u0161kius, palieka atsiliepimus ar komentarus, taip pat susisiekia su klient\u0173 aptarnavimo personalu per interneto svetain\u0117je pateiktus kontaktus.<\/p>\n\n\n\n<p>&nbsp;2.2. Asmens duomenys gaunami duomen\u0173 subjektui lankantis Tiek\u0117jo internetin\u0117je svetain\u0117je, elektronin\u0117je parduotuv\u0117je ar klient\u0173 savitarnos sistemoje. Duomen\u0173 subjektas pildo u\u017esakymo ar registracijos formas, u\u017esisako SIM korteles ar interneto ry\u0161io paslaugas, pateikia u\u017eklausas, palieka savo kontaktinius duomenis arba kit\u0105 reikaling\u0105 informacij\u0105, kad gal\u0117t\u0173 pasinaudoti Tiek\u0117jo paslaugomis.<\/p>\n\n\n\n<p>2.3. Asmens duomenys gaunami i\u0161 kit\u0173 \u0161altini\u0173. Duomenys gaunami i\u0161 kit\u0173 \u012fstaig\u0173 ar \u012fmoni\u0173, vie\u0161ai prieinam\u0173 registr\u0173 ir pan.<\/p>\n\n\n\n<p><strong>3. ASMENS DUOMEN\u0172 TVARKYMAS<\/strong><\/p>\n\n\n\n<p>3.1. Duomenys gali b\u016bti renkami lankantis, registruojantis ar perkant paslaugas Tiek\u0117jo interneto svetain\u0117je <a href=\"https:\/\/myhellios.com\/ru\/\">https:\/\/myhellios.com<\/a>, naudojantis elektronine parduotuve ar klient\u0173 savitarnos sistema.<\/p>\n\n\n\n<p>3.2. Pateikdamas duomen\u0173 subjektas Tiek\u0117jui asmens duomenis sutinka, kad Tiek\u0117jas naudot\u0173 surinktus duomenis vykdydamas savo \u012fsipareigojimus duomen\u0173 subjektui, teikdamas paslaugas, kuri\u0173 duomen\u0173 subjektas tikisi.<\/p>\n\n\n\n<p>3.3. Asmens duomenis Tiek\u0117jas tvarko \u0161iais tikslais:<\/p>\n\n\n\n<p>3.3.1. Tiek\u0117jo veiklos u\u017etikrinimo ir t\u0119stinumo vykdymas. \u0160iuo tikslu tvarkomi \u0161ie duomenys:<\/p>\n\n\n\n<p>3.3.2. <strong>Sutar<\/strong><strong>\u010d<\/strong><strong>i<\/strong><strong>\u0173<\/strong><strong> sudarymo bei vykdymo tikslu<\/strong> <strong>gali b<\/strong><strong>\u016b<\/strong><strong>ti tvarkomi tiek<\/strong><strong>\u0117<\/strong><strong>j<\/strong><strong>\u0173<\/strong><strong> (fizini<\/strong><strong>\u0173<\/strong><strong> asmen<\/strong><strong>\u0173<\/strong><strong>) asmens duomenys<\/strong>: vardas (-ai), pavard\u0117 (-\u0117s), asmens kodas arba gimimo data, gyvenamoji vieta (adresas), telefono numeris, el. pa\u0161to adresas, banko atsiskaitomoji s\u0105skaita ir bankas, kuriame \u0161i s\u0105skaita yra, pinigin\u0117s operacijos ar sandorio atlikimo data, suma, valiuta bei kiti duomenys, kuriuos pateikia pats asmuo, kuriuos Tiek\u0117jas gauna pagal teis\u0117s aktus vykdydamas Tiek\u0117jo veikl\u0105 ir (arba) kuriuos tvarkyti Tiek\u0117j\u0105 \u012fpareigoja \u012fstatymai ir (arba) kiti teis\u0117s aktai.<\/p>\n\n\n\n<p>3.3.3. <strong>U\u017eklaus\u0173, komentar\u0173 ir nusiskundim\u0173 administravimo tikslu<\/strong> <strong>gali b\u016bti tvarkomi \u0161ie duomenys<\/strong>: vardas (-ai), pavard\u0117 (-\u0117s), ir\/arba vartotojo vardas, el. pa\u0161to adresas, telefono numeris, adresas, u\u017eklausos, komentaro ar nusiskundimo tema, u\u017eklausos, komentaro, ar nusiskundimo tekstas, banko s\u0105skaitos numeris (l\u0117\u0161\u0173 gr\u0105\u017einimo atveju);<\/p>\n\n\n\n<p>3.3.4. <strong>Tiesiogin\u0117s rinkodaros tikslu gali b\u016bti tvarkomi \u0161ie duomenys<\/strong>:<\/p>\n\n\n\n<p>vardas (-ai), pavard\u0117 (-\u0117s), ir\/arba vartotojo vardas, el. pa\u0161to adresas, telefono numeris,duomenys apie \u012fsigytas prekes, j\u0173 kain\u0105, \u012fsigijimo dat\u0105 bei duomenys, patvirtinantys teis\u0119 dalyvauti reklamin\u0117se akcijose, ir reklamini\u0173 akcij\u0173 s\u0105lyg\u0173 i\u0161pildym\u0105.<\/p>\n\n\n\n<p><strong>4. NAUJIENLAI\u0160KI\u0172 SIUNTIMAS<\/strong><\/p>\n\n\n\n<p>4.1. Siun\u010diam\u0173 naujienlai\u0161ki\u0173 atsisakyti galima kiekvieno gaunamo lai\u0161ko apa\u010dioje paspaudus mygtuk\u0105 ,\u201eAtsisakyti naujienlai\u0161kio&#8221;, atsakant \u012f gaut\u0105 lai\u0161k\u0105 arba tiesiogiai el. pa\u0161tu susisiekus su Tiek\u0117ju &nbsp;ir i\u0161rei\u0161kus nor\u0105 nebegauti Tiek\u0117jo siun\u010diam\u0173 naujienlai\u0161ki\u0173.<\/p>\n\n\n\n<p><strong>5. ELEKTRONIN\u0116 PREKYBA<\/strong><\/p>\n\n\n\n<p>5.1. Tiek\u0117jo elektronin\u0117 parduotuv\u0117 sukurta ir administruojama paties Tiek\u0117jo. &nbsp;<\/p>\n\n\n\n<p>5.2. Visi elektronin\u0117s prekybos tikslu surinkti duomenys saugomi Tiek\u0117jo valdomuose serveriuose ar kituose patikimuose duomen\u0173 saugojimo sprendimuose, u\u017etikrinant atitikt\u012f teis\u0117s akt\u0173 reikalavimams ir auk\u0161tiems duomen\u0173 apsaugos standartams.<\/p>\n\n\n\n<p>5.3. Mok\u0117jim\u0173 pri\u0117mimui Tiek\u0117jas naudoja mok\u0117jim\u0173 surinkimo platform\u0105 ,,Paysera&#8221;. Mok\u0117jim\u0173 pri\u0117mimo platformos privatumo politika yra pateikiama adresu: \u201ePaysera&#8221; privatumo politika: <a href=\"https:\/\/www.paysera.lt\/v2\/en-LT\/legal\/privacy-policy\">https:\/\/www.paysera.lt\/v2\/en-LT\/legal\/privacy-policy<\/a>.<\/p>\n\n\n\n<p>Tiek\u0117jo interneto svetain\u0117 yra apsaugota pagal saugumo protokol\u0105, kuris remiasi duomen\u0173 kodavimo sistemos sertifikatu (SSL). Tokios parduotuv\u0117s internetinio adreso u\u017era\u0161e yra raid\u0117 \u201eS\u201c: ,,https:\/\/&#8221;.<\/p>\n\n\n\n<p><strong>6. ASMENS DUOMEN\u0172 TEIKIMAS<\/strong><\/p>\n\n\n\n<p>&nbsp;6.1. Tiek\u0117jas \u012fsipareigoja laikytis konfidencialumo pareigos duomen\u0173 subjekt\u0173 at\u017evilgiu. Asmens duomenys gali b\u016bti atskleisti tre\u010diosioms \u0161alims tik tais atvejais, kai tai b\u016btina sutar\u010diai sudaryti ir vykdyti duomen\u0173 subjekto naudai, arba kai tok\u012f perdavim\u0105 numato teis\u0117s aktai ar kitos teis\u0117tos prie\u017eastys.<\/p>\n\n\n\n<p>6.2. Tiek\u0117jas gali pateikti asmens duomenis savo duomen\u0173 tvarkytojams, kurie teikia Tiek\u0117jui paslaugas ir tvarko asmens duomenis Tiek\u0117jo vardu. Duomen\u0173 tvarkytojai turi teis\u0119 tvarkyti asmens duomenis tik pagal Tiek\u0117jo nurodymus ir tik ta apimtimi, kiek tai yra b\u016btina siekiant tinkamai vykdyti sutartyje nustatytus \u012fsipareigojimus. Tiek\u0117jas pasitelkia tik tuos duomen\u0173 tvarkytojus, kurie pakankamai u\u017etikrina, kad tinkamos technin\u0117s ir organizacin\u0117s priemon\u0117s bus \u012fgyvendintos tokiu b\u016bdu, kad duomen\u0173 tvarkymas atitikt\u0173 BDAR reikalavimus ir b\u016bt\u0173 u\u017etikrinta duomen\u0173 subjekto teisi\u0173 apsauga.<\/p>\n\n\n\n<p>6.4. Tiek\u0117jas taip pat gali teikti asmens duomenis atsakydamas \u012f teismo arba valstybini\u0173 institucij\u0173 pra\u0161ymus ta apimtimi, kiek tai b\u016btina siekiant tinkamai vykdyti galiojan\u010dius teis\u0117s aktus ir valstybini\u0173 institucij\u0173 nurodymus.<\/p>\n\n\n\n<p>6.5. Tiek\u0117jas garantuoja, kad asmens duomenys nebus nei pardavin\u0117jami, nei nuomojami tretiesiems asmenims.<\/p>\n\n\n\n<p><strong>7. NEPILNAME\u010cI\u0172 ASMENS DUOMEN\u0172 TVARKYMAS<\/strong><\/p>\n\n\n\n<p>7.1. Asmenys, kurie yra jaunesni negu 14 met\u0173, negali teikti joki\u0173 asmens duomen\u0173 per Tiek\u0117jo interneto svetain\u0119.<\/p>\n\n\n\n<p>7.2.Jei asmuo yra jaunesnis negu 14 met\u0173, siekiant pasinaudoti Tiek\u0117jo paslaugomis, prie\u0161 pateikiant asmenin\u0119 informacij\u0105 yra privaloma pateikti vieno i\u0161 atstovo (t\u0117vo, motinos, glob\u0117jo (-os)) ra\u0161ytin\u012f sutikim\u0105 d\u0117l asmens duomen\u0173 tvarkymo.<\/p>\n\n\n\n<p><strong>8. ASMENS DUOMEN\u0172 SAUGOJIMO TERMINAS<\/strong><\/p>\n\n\n\n<p>8.1. Tiek\u0117jo surinkti asmens duomenys yra saugomi spausdintiniuose dokumentuose ir (arba) Tiek\u0117jo informacin\u0117se sistemose. Asmens duomenys tvarkomi tik tiek laiko, kiek b\u016btina nustatytiems duomen\u0173 tvarkymo tikslams pasiekti, arba tiek, kiek reikalauja teis\u0117s aktai ar leid\u017eia duomen\u0173 subjektas.<\/p>\n\n\n\n<p>8.2. Nors duomen\u0173 subjektas gali nutraukti sutart\u012f ir atsisakyti Tiek\u0117jo paslaug\u0173, ta\u010diau Tiek\u0117jas ir toliau privalo saugoti duomen\u0173 subjekto duomenis d\u0117l galb\u016bt ateityje atsirasian\u010di\u0173 reikalavim\u0173 ar teisini\u0173 pretenzij\u0173 tol, kol pasibaigs duomen\u0173 saugojimo terminai.<\/p>\n\n\n\n<p><strong>9. DUOMEN\u0172 SUBJEKTO TEIS\u0116S<\/strong><\/p>\n\n\n\n<p>9.1. Teis\u0117 gauti informacij\u0105 apie duomen\u0173 tvarkym\u0105.<\/p>\n\n\n\n<p>9.2. Teis\u0117 susipa\u017einti su tvarkomais duomenimis.<\/p>\n\n\n\n<p>9.3. Teis\u0117 reikalauti i\u0161taisyti duomenis.<\/p>\n\n\n\n<p>9.4. Teis\u0117 reikalauti i\u0161trinti duomenis (\u201eTeis\u0117 b\u016bti pamir\u0161tam\u201c). \u0160i teis\u0117 netaikoma, jei asmens duomenys, kuriuos pra\u0161oma i\u0161trinti, yra tvarkomi ir kitu teisiniu pagrindu, tokiu kaip tvarkymas b\u016btinas sutarties vykdymui arba yra pareigos pagal taikomus teis\u0117s aktus vykdymas.<\/p>\n\n\n\n<p>9.5. Teis\u0117 apriboti duomen\u0173 tvarkym\u0105.<\/p>\n\n\n\n<p>9.6. Teis\u0117 nesutikti su duomen\u0173 tvarkymu.<\/p>\n\n\n\n<p>9.7. Teis\u0117 \u012f duomen\u0173 perkeliamum\u0105. Teis\u0117 \u012f duomen\u0173 perkeliamum\u0105 negali daryti neigiamo poveikio kit\u0173 teis\u0117ms ir laisv\u0117ms. Duomen\u0173 subjektas teis\u0117s \u012f duomen\u0173 perkeliamum\u0105 neturi t\u0173 asmens duomen\u0173 at\u017evilgiu, kurie tvarkomi neautomatiniu b\u016bdu susistemintose rinkmenose, pavyzd\u017eiui, popierin\u0117se bylose.<\/p>\n\n\n\n<p>9.8. Teis\u0117 reikalauti, kad neb\u016bt\u0173 taikomas tik automatizuotu duomen\u0173 tvarkymu, \u012fskaitant profiliavim\u0105, grind\u017eiamas sprendimas.<\/p>\n\n\n\n<p>9.9. Teis\u0117 pateikti skund\u0105 d\u0117l asmens duomen\u0173 tvarkymo Valstybinei duomen\u0173 apsaugos inspekcijai.<\/p>\n\n\n\n<p>9.10. Tiek\u0117jas privalo sudaryti s\u0105lygas duomen\u0173 subjektui \u012fgyvendinti pirmiau nurodytas Duomen\u0173 subjekto teises, i\u0161skyrus \u012fstatym\u0173 nustatytus atvejus, kai reikia u\u017etikrinti valstyb\u0117s saugum\u0105 ar gynyb\u0105, vie\u0161\u0105j\u0105 tvark\u0105, nusikalstam\u0173 veikl\u0173 prevencij\u0105, tyrim\u0105, nustatym\u0105 ar baud\u017eiam\u0105j\u012f persekiojim\u0105, svarbius valstyb\u0117s ekonominius ar finansinius interesus, tarnybin\u0117s ar profesin\u0117s etikos pa\u017eeidim\u0173 prevencij\u0105, tyrim\u0105 ir nustatym\u0105, duomen\u0173 subjekto ar kitu asmen\u0173 teisi\u0173 ir laisvi\u0173 apsaug\u0105.<\/p>\n\n\n\n<p><strong>10. DUOMEN\u0172 SUBJEKTO TEISI\u0172 \u012eGYVENDINIMO TVARKA<\/strong><\/p>\n\n\n\n<p>10.1. Duomen\u0173 subjektas, d\u0117l savo teisi\u0173 igyvendinimo, gali kreiptis \u012f Tiek\u0117j\u0105:<\/p>\n\n\n\n<p>10.1.1. teikiant ra\u0161ytin\u012f pra\u0161ym\u0105 asmeni\u0161kai, pa\u0161tu, per atstov\u0105 ar elektronini\u0173 ry\u0161i\u0173 priemon\u0117mis &#8211; el. pa\u0161tu: <strong>hello@myhellios.com<\/strong><\/p>\n\n\n\n<p>10.1.2. \u017eod\u017eiu &#8211; telefonu: +37066309736<\/p>\n\n\n\n<p>10.2. Siekdamas apsaugoti duomenis nuo neteis\u0117to atskleidimo, Tiek\u0117jas, gav\u0119s duomen\u0173 subjekto pra\u0161ym\u0105 pateikti duomenis ar igyvendinti kitas teises, privalo patikrinti duomen\u0173 subjekto tapatyb\u0119.<\/p>\n\n\n\n<p>10.3. Tiek\u0117jo atsakymas duomen\u0173 subjektui suteikiamas ne v\u0117liau kaip per vien\u0105 m\u0117nes\u012f nuo duomen\u0173 subjekto pra\u0161ymo gavimo dienos, atsi\u017evelgiant \u012f konkre\u010dias asmens duomen\u0173 tvarkymo aplinkybes. \u0160is laikotarpis prireikus gali b\u016bti prat\u0119stas dar dviem m\u0117nesiams, atsi\u017evelgiant \u012f pra\u0161ym\u0173 sud\u0117tingum\u0105 ir skai\u010di\u0173.<\/p>\n\n\n\n<p><strong>11. DUOMEN\u0172 SUBJEKTO ATSAKOMYB\u0116<\/strong><\/p>\n\n\n\n<p>11.1. Duomen\u0173 subjektas turi:<\/p>\n\n\n\n<p>11.1.1. informuoti Tiek\u0117j\u0105 apie pateiktos informacijos ir duomen\u0173 pasikeitimus. Tiek\u0117jui svarbu tur\u0117ti teising\u0105 ir galiojan\u010di\u0105 duomen\u0173 subjekto informacij\u0105;<\/p>\n\n\n\n<p>11.1.2. pateikti reikaling\u0105 informacij\u0105, kad esant duomen\u0173 subjekto pra\u0161ymui Tiek\u0117jas gal\u0117t\u0173 identifikuoti duomen\u0173 subjekt\u0105 ir \u012fsitikinti, kad bendrauja arba bendradarbiauja tikrai su konkre\u010diu duomen\u0173 subjektu (pateikti asmens tapatyb\u0119 patvirtinant\u012f dokument\u0105 arba teis\u0117s akt\u0173 nustatyta tvarka ar elektronini\u0173 ry\u0161i\u0173 priemon\u0117mis, kurios leist\u0173 tinkamai identifikuoti duomen\u0173 subjekt\u0105). Tai reikalinga duomen\u0173 subjekto ir kit\u0173 asmen\u0173 duomen\u0173 apsaugai, kad atskleista informacija apie duomen\u0173 subjekt\u0105 b\u016bt\u0173 pateikta tik duomen\u0173 subjektui, nepa\u017eeid\u017eiant kit\u0173 asmen\u0173 teisi\u0173.<\/p>\n\n\n\n<p><strong>12. BAIGIAMOSIOS NUOSTATOS<\/strong><\/p>\n\n\n\n<p>12.1. Perduodamas Tiek\u0117jui asmens duomenis, duomen\u0173 subjektas sutinka su \u0161ia Privatumo politika, supranta jos nuostatas ir sutinka jos laikytis.<\/p>\n\n\n\n<p>12.2. Pl\u0117tojant ir tobulinant Tiek\u0117jo veikl\u0105, Tiek\u0117jas turi teis\u0119 bet kuriuo metu viena\u0161ali\u0161kai pakeisti \u0161i\u0105 Privatumo politik\u0105. Tiek\u0117jas turi teis\u0119 viena\u0161ali\u0161kai, i\u0161 dalies ar visi\u0161kai pakeisti Privatumo politik\u0105 apie tai prane\u0161dama internetin\u0117je svetain\u0117je <a href=\"https:\/\/myhellios.com\/ru\/\">https:\/\/myhellios.com\/<\/a> .<\/p>\n\n\n\n<p>12.3. Privatumo politikos papildymai ar pakeitimai \u012fsigalioja nuo j\u0173 paskelbimo dienos, t. y., nuo tos dienos, kai jie yra patalpinami internetin\u0117je svetain\u0117je <a href=\"https:\/\/myhellios.com\/ru\/\">https:\/\/myhellios.com\/<\/a>.<\/p>","protected":false},"excerpt":{"rendered":"<p>HELLIOS CONNECT Toliau pateikiama \u201eHellios Connect\u201c (toliau \u2013 Tiek\u0117jas) Privatumo politika, kuri galioja nuo 2025 m. rugs\u0117jo 1 d. ir buvo paskutin\u012f kart\u0105 atnaujinta 2025 rugs\u0117jo 01. Privatumo politikos tikslas &#8211; informuoti kaip yra renkami ir tvarkomi duomen\u0173 subjekt\u0173 asmens duomenys, paai\u0161kinti, kiek laiko saugomi, kam teikiami, kokias teises turi duomen\u0173 subjektai bei kur kreiptis [&hellip;]<\/p>","protected":false},"author":1,"featured_media":0,"parent":0,"menu_order":0,"comment_status":"closed","ping_status":"closed","template":"","meta":{"footnotes":""},"class_list":["post-2244","page","type-page","status-publish","hentry"],"_links":{"self":[{"href":"https:\/\/myhellios.com\/ru\/wp-json\/wp\/v2\/pages\/2244","targetHints":{"allow":["GET"]}}],"collection":[{"href":"https:\/\/myhellios.com\/ru\/wp-json\/wp\/v2\/pages"}],"about":[{"href":"https:\/\/myhellios.com\/ru\/wp-json\/wp\/v2\/types\/page"}],"author":[{"embeddable":true,"href":"https:\/\/myhellios.com\/ru\/wp-json\/wp\/v2\/users\/1"}],"replies":[{"embeddable":true,"href":"https:\/\/myhellios.com\/ru\/wp-json\/wp\/v2\/comments?post=2244"}],"version-history":[{"count":0,"href":"https:\/\/myhellios.com\/ru\/wp-json\/wp\/v2\/pages\/2244\/revisions"}],"wp:attachment":[{"href":"https:\/\/myhellios.com\/ru\/wp-json\/wp\/v2\/media?parent=2244"}],"curies":[{"name":"wp","href":"https:\/\/api.w.org\/{rel}","templated":true}]}}